{"id":269,"date":"2014-05-16T09:46:46","date_gmt":"2014-05-16T07:46:46","guid":{"rendered":"http:\/\/www.met-aal.it\/?page_id=269"},"modified":"2014-06-04T14:59:39","modified_gmt":"2014-06-04T12:59:39","slug":"modulo-di-riconoscimento-vocale","status":"publish","type":"page","link":"https:\/\/www.met-aal.it\/?page_id=269","title":{"rendered":"Modulo di Riconoscimento Vocale"},"content":{"rendered":"<p style=\"text-align: justify;\">Il modulo di riconoscimento vocale si occupa di gestire tutti i tipi di comandi vocali per confermare un probabile \u201cevento caduta\u201d o per impartire al sistema dei compiti specifici e legati alla domotica classica (accensione luci, apertura porte, regolazione impianto di riscaldamento, chiusura tende, ecc).<\/p>\n<p style=\"text-align: justify;\">L&#8217;hardware utilizzato per il sistema di riconoscimento vocale \u00e8 costituito da due tipologie di microfoni: il microfono <b>Samson UB1<\/b> e il radiomicrofono <b>SHURE PG14E\/PG185<\/b>.<\/p>\n<p style=\"text-align: justify;\">Il Samson UB1 \u00e8 un microfono ambientale omnidirezionale con connettivit\u00e0 USB. Dato che l\u2019UB1 \u00e8 un dispositivo compatibile con le specifiche USB, \u00e8 compatibile sia con Mac OS (e sistemi Unix like) che con Sistemi Operativi Windows. A causa del suo design, questo microfono pu\u00f2 essere collocato in maniera discreta in qualunque ambiente (tavolo, palco, a muro).<\/p>\n<p style=\"text-align: justify;\">Esso \u00e8 stato utilizzato in un ambiente domestico dotato di automatismi domotici per un utenza generica e per tutti quei soggetti che hanno problemi motori o legati alla vista.<\/p>\n<p style=\"text-align: justify;\"><img decoding=\"async\" loading=\"lazy\" class=\"size-medium wp-image-270 aligncenter\" title=\"Microfono ambientale Samson UB1\" alt=\"Microfono ambientale Samson UB1\" src=\"http:\/\/www.met-aal.it\/wp-content\/uploads\/2014\/05\/samson-UB1-300x145.jpg\" width=\"300\" height=\"145\" srcset=\"https:\/\/www.met-aal.it\/wp-content\/uploads\/2014\/05\/samson-UB1-300x145.jpg 300w, https:\/\/www.met-aal.it\/wp-content\/uploads\/2014\/05\/samson-UB1-1024x495.jpg 1024w, https:\/\/www.met-aal.it\/wp-content\/uploads\/2014\/05\/samson-UB1.jpg 1100w\" sizes=\"(max-width: 300px) 100vw, 300px\" \/>Lo SHURE PG14E\/PG185 \u00e8 un radiomicrofono indossabile composto da trasmettitore, un microfono e un ricevitore.\u00a0Questo microfono, grazie alle sue elevate caratteristiche tecniche e al suo posizionamento vicino alla bocca dell\u2019utente, \u00e8 stato utilizzato per quei soggetti affetti da dislessia o un timbro di voce particolare o molto basso.<\/p>\n<p style=\"text-align: justify;\"><img decoding=\"async\" loading=\"lazy\" class=\"aligncenter size-medium wp-image-271\" alt=\"Radio Microfono indossabile Shure PG14E-PG185\" src=\"http:\/\/www.met-aal.it\/wp-content\/uploads\/2014\/05\/ShurePG14E-PG185-300x231.jpg\" width=\"300\" height=\"231\" srcset=\"https:\/\/www.met-aal.it\/wp-content\/uploads\/2014\/05\/ShurePG14E-PG185-300x231.jpg 300w, https:\/\/www.met-aal.it\/wp-content\/uploads\/2014\/05\/ShurePG14E-PG185.jpg 445w\" sizes=\"(max-width: 300px) 100vw, 300px\" \/><\/p>\n<p style=\"text-align: justify;\">Il sistema di riconoscimento vocale legato all&#8217;evento caduta, fornisce uno strumento di verifica che si aggiunge al modulo caduta, rendendo pi\u00f9 robusto e affidabile quest&#8217;ultimo.\u00a0Esso ha i seguenti compiti:<\/p>\n<ol style=\"text-align: justify;\" start=\"1\">\n<li>Resta in attesa di eventuali messaggi inviati dal modulo di rilevamento caduta;<\/li>\n<li>Ricevuto l\u2019eventuale messaggio di rilevazione caduta, riproduce un messaggio vocale che stimola una risposta da parte dell\u2019utente:<\/li>\n<\/ol>\n<ul style=\"text-align: justify;\">\n<ul>\n<li>In caso l\u2019utente richieda aiuto, il sistema provveder\u00e0 a contattare chi di dovere;<\/li>\n<li>In caso l\u2019utente non risponda, il sistema provveder\u00e0 a contattare chi di dovere;<\/li>\n<li>In caso l\u2019utente non abbia bisogno d\u2019aiuto il sistema ritorna nello stato d\u2019attesa.<\/li>\n<\/ul>\n<\/ul>\n<p style=\"text-align: justify;\">Il secondo ambito di utilizzo del sistema di riconoscimento vocale \u00e8 attinente ai servizi domotici. Esso deve focalizzarsi sul riconoscimento di comandi impartiti da un utente, per cui il sistema non deve analizzare il parlato naturale, bens\u00ec un certo numero di comandi. Caratteristica fondamentale nella realizzazione di questo tipo di interazione uomo-macchina \u00e8 la precisione con la quale il sistema deve operare: \u00e8 opportuno cio\u00e8 che la presenza di comandi riconosciuti erroneamente sia praticamente nulla (non \u00e8 accettabile che la luce si spenga mentre si sta discutendo con il\/la proprio\/a marito\/moglie). In seguito a questa necessit\u00e0, risulta particolarmente importante gestire le cosiddette out-of-grammar words. Contemporaneamente, la soluzione implementata prevede l\u2019associazione 1:1 di precisi comandi vocali ad azioni relative (es. accendere\/spegnere la luce) preceduti da un comando di tipo \u201cwakeup\u201d che possa appunto svegliare il sistema. Inoltre \u00a0il sistema \u00e8\u00a0speaker-independent: il riconoscimento \u00e8 indipendente da colui che parla, quindi un sistema che \u00e8 pronto per l\u2019uso sin da subito.<\/p>\n<p style=\"text-align: justify;\">Di seguito vi proponiamo un video dimostrativo.<\/p>\n<p align=\"center\"><iframe loading=\"lazy\" src=\"\/\/www.youtube.com\/embed\/-A3J48yk_0U\" height=\"480\" width=\"640\" allowfullscreen=\"\" frameborder=\"0\"><\/iframe><\/p>\n<p style=\"text-align: justify;\">Potete visionare tutti i video dimostrativi sul nostro <strong><a href=\"https:\/\/www.youtube.com\/channel\/UCMIk8m0ZOZD8mpXqqNpJDww\" target=\"_blank\">canale YouTube<\/a><\/strong><\/p>\n","protected":false},"excerpt":{"rendered":"<p>Il modulo di riconoscimento vocale si occupa di gestire tutti i tipi di comandi vocali per confermare un probabile \u201cevento caduta\u201d o per impartire al sistema dei compiti specifici e legati alla domotica classica (accensione luci, apertura porte, regolazione impianto di riscaldamento, chiusura tende, ecc). L&#8217;hardware utilizzato per il sistema di riconoscimento vocale \u00e8 costituito [&#8230;] <a class=\"read-more\" href=\"https:\/\/www.met-aal.it\/?page_id=269\">Read More <i class=\"icon-double-angle-right\"><\/i><\/a><\/p>\n","protected":false},"author":1,"featured_media":0,"parent":18,"menu_order":0,"comment_status":"open","ping_status":"closed","template":"","meta":[],"_links":{"self":[{"href":"https:\/\/www.met-aal.it\/index.php?rest_route=\/wp\/v2\/pages\/269"}],"collection":[{"href":"https:\/\/www.met-aal.it\/index.php?rest_route=\/wp\/v2\/pages"}],"about":[{"href":"https:\/\/www.met-aal.it\/index.php?rest_route=\/wp\/v2\/types\/page"}],"author":[{"embeddable":true,"href":"https:\/\/www.met-aal.it\/index.php?rest_route=\/wp\/v2\/users\/1"}],"replies":[{"embeddable":true,"href":"https:\/\/www.met-aal.it\/index.php?rest_route=%2Fwp%2Fv2%2Fcomments&post=269"}],"version-history":[{"count":27,"href":"https:\/\/www.met-aal.it\/index.php?rest_route=\/wp\/v2\/pages\/269\/revisions"}],"predecessor-version":[{"id":592,"href":"https:\/\/www.met-aal.it\/index.php?rest_route=\/wp\/v2\/pages\/269\/revisions\/592"}],"up":[{"embeddable":true,"href":"https:\/\/www.met-aal.it\/index.php?rest_route=\/wp\/v2\/pages\/18"}],"wp:attachment":[{"href":"https:\/\/www.met-aal.it\/index.php?rest_route=%2Fwp%2Fv2%2Fmedia&parent=269"}],"curies":[{"name":"wp","href":"https:\/\/api.w.org\/{rel}","templated":true}]}}