{"id":2,"date":"2014-04-22T08:32:14","date_gmt":"2014-04-22T08:32:14","guid":{"rendered":"http:\/\/www.met-aal.it\/?page_id=2"},"modified":"2014-06-05T15:22:13","modified_gmt":"2014-06-05T13:22:13","slug":"pagina-di-esempio","status":"publish","type":"page","link":"https:\/\/www.met-aal.it\/","title":{"rendered":"HOME"},"content":{"rendered":"<p style=\"text-align: justify;\">I dati Istat definiscono che quasi pi\u00f9 di 15 milioni di persone in Italia hanno pi\u00f9 di 60 anni e ci sono quasi 3 milioni di disabili, cio\u00e8 soggetti con una qualsiasi limitazione o perdita della capacit\u00e0 di compiere un\u2019attivit\u00e0 nel modo o ampiezza considerati normali per un essere umano. All\u2019interno di questa fetta di popolazione, i <strong>sistemi domotici assistiti<\/strong> rappresentano una soluzione importante per garantire una vita migliore, per <strong>ridurre la distanza tra funzionalit\u00e0 residue della persona, con limitazioni sensoriali e\/o motorie, e requisiti dell\u2019ambiente in cui essa vive<\/strong>. Si potrebbe pensare di attuare i principali servizi domotici anche in residenze socio sanitarie assistite (RSSA), rendendole un ambiente assistito (Ambient Assisted Living, AAL) e controllato, garantendo il quieto vivere dei soggetti degenti.<\/p>\n<p style=\"text-align: justify;\">I servizi che risultano di primaria importanza (oltre a quelli offerti dalla domotica classica) in un Ambient Assisted Living, in aggiunta a quello pertinente la <strong>\u201ccomunicazione con il personale medico-sanitario\u201d<\/strong> e il <strong>&#8220;controllo continuo dei parametri fisiologici del paziente&#8221;<\/strong>, sono il <strong>\u201cmonitoraggio indoor e outdoor degli spostamenti\u201d<\/strong> e il <strong>\u201crilevamento caduta o situazioni di pericolo\u201d<\/strong>. Dunque, \u00e8 fondamentale offrire servizi di videosorveglianza e monitoraggio minimamente invasivi, ricorrendo a sensoristica ambientale (telecamere) e\/o indossabile (accelerometri), tramite il quale conoscere la posizione di una persona in ogni momento ed effettuare il tracking dei suoi spostamenti. Quindi, se da un lato si lascia l\u2019anziano libero di muoversi indipendentemente, dall\u2019altra il personale sanitario pu\u00f2 sentirsi pi\u00f9 tranquillo perch\u00e9 ha la possibilit\u00e0 di svolgere quello che si pu\u00f2 definire un <strong>\u201ccontrollo remoto\u201d<\/strong>.<\/p>\n<p style=\"text-align: justify;\">Con riferimento all\u2019utenza ospitata ed assistita presso le RSSA, \u00e8 di evidente interesse un sistema in grado di prevenire e rilevare possibili cadute di potenziali pazienti. <strong>La caduta di soggetti fragili (anziani, soggetti con forme di disabilit\u00e0 motoria, ecc.) rappresenta un problema clinico e sociale, in quanto i conseguenti traumi spesso determinano forme di invalidit\u00e0 con ricadute anche sulla sfera psicologica del soggetto.<\/strong> Il problema \u00e8 tanto pi\u00f9 evidente quanto pi\u00f9 alta \u00e8 l\u2019et\u00e0 del soggetto. Inoltre, \u00e8 risultato utile anche ricorrere ad una \u201cvoce amica\u201d per la diffusione del messaggio sonoro \u201crassicurante\u201d che chieda al soggetto target se abbia bisogno di soccorso con la sua relativa risposta, il tutto per comunicare un senso di sicurezza e tranquillit\u00e0 al soggetto e l\u2019importanza di adattare tale sistema ad esigenze di utenti ipoacusici che potrebbero non sentire il messaggio sonoro.<\/p>\n<p style=\"text-align: justify;\">Tali finalit\u00e0 si sono concretizzate in un <strong>progetto finanziato dalla Regione Puglia dal nome \u201cMET-AAL, METhodology and instruments for pervasive model in Ambient Assisted Living\u201d<\/strong> e realizzato da un partenariato di aziende pugliesi leader nel proprio settore.<\/p>\n<p style=\"text-align: justify;\">Questo portale cerca di fornire una panoramica d\u2019insieme di come la continua evoluzione tecnologica, renda indispensabile un lavoro di \u00e9quipe in cui alla scelta dell\u2019ausilio partecipino attivamente medici, terapisti e tecnici.<\/p>\n<p style=\"text-align: justify;\">Al fine di incentivare la collaborazione tra queste tipologie di soggetti \u00e8 stato realizzato un <strong><a href=\"http:\/\/www.met-aal.it\/?post_type=forum\">Forum<\/a><\/strong> dove \u00e8 possibile esprimere le proprie idee, perplessit\u00e0 e proposte. In questo modo si riuscir\u00e0 a fornire soluzioni in grado di sfruttare e valorizzare al massimo le capacit\u00e0 residue delle persone disabili al fine di garantire una sempre maggiore autonomia e reintegrazione sociale e lavorativa.<\/p>\n<div>\n<p style=\"text-align: justify;\"><strong>ENTE E PROGRAMMA DI FINANZIAMENTO<\/strong>: Regione Puglia \u2013 Bando FESR\u00a0<em>\u201cAIUTI A SOSTEGNO DEI PARTENARIATI REGIONALI PER L\u2019INNOVAZIONE\u201d (POR FESR 2007-2013 Obiettivo Convergenza &#8211; ASSE I &#8211; Linea 1.2 \u2013 Azione 1.2.4 \u201cInvestiamo nel vostro futuro\u201d)<\/em>.<\/p>\n<\/div>\n","protected":false},"excerpt":{"rendered":"<p>I dati Istat definiscono che quasi pi\u00f9 di 15 milioni di persone in Italia hanno pi\u00f9 di 60 anni e ci sono quasi 3 milioni di disabili, cio\u00e8 soggetti con una qualsiasi limitazione o perdita della capacit\u00e0 di compiere un\u2019attivit\u00e0 nel modo o ampiezza considerati normali per un essere umano. All\u2019interno di questa fetta di [&#8230;] <a class=\"read-more\" href=\"https:\/\/www.met-aal.it\/\">Read More <i class=\"icon-double-angle-right\"><\/i><\/a><\/p>\n","protected":false},"author":1,"featured_media":0,"parent":0,"menu_order":0,"comment_status":"closed","ping_status":"closed","template":"","meta":[],"_links":{"self":[{"href":"https:\/\/www.met-aal.it\/index.php?rest_route=\/wp\/v2\/pages\/2"}],"collection":[{"href":"https:\/\/www.met-aal.it\/index.php?rest_route=\/wp\/v2\/pages"}],"about":[{"href":"https:\/\/www.met-aal.it\/index.php?rest_route=\/wp\/v2\/types\/page"}],"author":[{"embeddable":true,"href":"https:\/\/www.met-aal.it\/index.php?rest_route=\/wp\/v2\/users\/1"}],"replies":[{"embeddable":true,"href":"https:\/\/www.met-aal.it\/index.php?rest_route=%2Fwp%2Fv2%2Fcomments&post=2"}],"version-history":[{"count":26,"href":"https:\/\/www.met-aal.it\/index.php?rest_route=\/wp\/v2\/pages\/2\/revisions"}],"predecessor-version":[{"id":660,"href":"https:\/\/www.met-aal.it\/index.php?rest_route=\/wp\/v2\/pages\/2\/revisions\/660"}],"wp:attachment":[{"href":"https:\/\/www.met-aal.it\/index.php?rest_route=%2Fwp%2Fv2%2Fmedia&parent=2"}],"curies":[{"name":"wp","href":"https:\/\/api.w.org\/{rel}","templated":true}]}}