{"id":135,"date":"2014-05-14T15:23:40","date_gmt":"2014-05-14T13:23:40","guid":{"rendered":"http:\/\/www.met-aal.it\/?page_id=135"},"modified":"2014-05-30T15:55:58","modified_gmt":"2014-05-30T13:55:58","slug":"or5","status":"publish","type":"page","link":"https:\/\/www.met-aal.it\/?page_id=135","title":{"rendered":"OR5"},"content":{"rendered":"<p style=\"text-align: justify;\"><strong>DESCRIZIONE DELLE ATTIVITA\u2019 SVOLTE:<\/strong><\/p>\n<p style=\"text-align: justify;\">Il presente obiettivo realizzativo \u00e8 stato strutturato su 5 attivit\u00e0:<\/p>\n<ul style=\"text-align: justify;\">\n<li>A 5.1 &#8211; Adeguamento della piattaforma per una installazione pilota<\/li>\n<li>A 5.2 &#8211; Installazione su dimostratore<\/li>\n<li>A 5.3 &#8211; Validazione degli scenari stabiliti<\/li>\n<li>A 5.4 &#8211; Validazione con utente finale<\/li>\n<li>A 5.5 &#8211; Promozione, comunicazione e diffusione dei risultati<\/li>\n<\/ul>\n<p style=\"text-align: justify;\"><b>\u00a0<\/b><\/p>\n<p style=\"text-align: justify;\"><span style=\"text-decoration: underline;\"><strong>A 5.3 &#8211; Validazione degli scenari stabiliti e A 5.4 &#8211; Validazione con utente finale<\/strong><\/span><\/p>\n<p style=\"text-align: justify;\">Le attivit\u00e0 5.3 e 5.4 sono state finalizzate a validare i moduli prototipali sviluppati nel corso del progetto ed installati in tre distinti ambienti e contesti:<\/p>\n<ol style=\"text-align: justify;\" start=\"1\">\n<li><span style=\"text-decoration: underline;\">Ambiente domestico<\/span>: abitazione privata di un utente assistito dalla cooperativa sociale ALBA, socia di ESCOOP ed attuatrice del progetto, a Mesagne;<\/li>\n<li><span style=\"text-decoration: underline;\">Struttura socio-sanitaria<\/span>: spazio comune (corridoio) della Residenza Socio Sanitaria Assistenziale \u201cPinto Cesarino\u201d di Ostuni gestita dalla cooperativa sociale ORIZZONTI, partner di progetto<\/li>\n<li><span style=\"text-decoration: underline;\">Struttura socio-sanitaria<\/span>: spazio privato (camera da letto di un utente) della Residenza Socio Sanitaria Assistenziale \u201cPinto Cesarino\u201d di Ostuni gestita dalla cooperativa sociale ORIZZONTI, partner di progetto.<\/li>\n<\/ol>\n<p style=\"text-align: justify;\">La validazione ha consentito agli utenti di riferimento di testare i sistemi installati e di verificarne le caratteristiche specifiche in termini di usabilit\u00e0, utilit\u00e0, funzionalit\u00e0, efficacia ed efficienza e la capacit\u00e0 degli stessi di contribuire ad aumentare il livello di comfort e sicurezza del proprio ambiente di vita, migliorando, cos\u00ec, la qualit\u00e0 della stessa.<\/p>\n<p style=\"text-align: justify;\">Le attivit\u00e0 di validazione sono state coordinate da ESCOOP (relativamente al dimostratore di Mesagne) e dalla cooperativa sociale ORIZZONTI (relativamente al dimostratore di Ostuni) ed \u00e8 stata preceduta dalla predisposizione di appositi strumenti di rilevazione del grado di soddisfazione degli utenti finali di riferimento.<\/p>\n<p style=\"text-align: justify;\">Nello specifico, per la validazione del dimostratore di Mesagne, \u00e8 stato elaborato un questionario somministrato all\u2019utilizzatrice finale dei dispositivi installati, riportato a margine del presente documento.<\/p>\n<p style=\"text-align: justify;\">Nel caso del dimostratore di Ostuni, il funzionamento dei sistemi installati \u00e8 stato monitorato direttamente dagli operatori della struttura (cd. caregiver), considerati, in questo caso, beneficiari ed utilizzatori finali delle tecnologie messe a punto.<\/p>\n<p style=\"text-align: justify;\">L\u2019utente di Mesagne \u00e8 stata coinvolta nelle attivit\u00e0 di validazione previo rilascio del consenso informato secondo il Modello riportato a margine del presente documento.<\/p>\n<p style=\"text-align: justify;\">Le risposte fornite dall\u2019utente di Mesagne hanno evidenziato l\u2019importanza del contributo apportato dal sistema installato al miglioramento del grado di autonomia e di sicurezza nello svolgimento di attivit\u00e0 quotidiane. Nonostante alcune difficolt\u00e0 iniziali dovute alla scarsa familiarit\u00e0 nei confronti delle tecnologie installate, l\u2019utente coinvolto ha dichiarato di essere soddisfatta dalle funzionalit\u00e0 del sistema, che, a causa del suo carattere sperimentale, ha richiesto l\u2019intervento ripetuto ed il costante supporto dei tecnici per il ripristino ed il regolare espletamento delle sue funzioni.<\/p>\n<p style=\"text-align: justify;\">Dall\u2019analisi delle risposte fornite emerge, infine, la consapevolezza dell\u2019utente rispetto alla capacit\u00e0 delle tecnologie di migliorare in parte la qualit\u00e0 della vita ed un auspicio di aumentarne ed ampliarne l\u2019utilizzo all\u2019interno della propria abitazione, frenato, tuttavia, dai costi delle stesse che l\u2019utente in questione ritiene troppo elevati.<\/p>\n","protected":false},"excerpt":{"rendered":"<p>DESCRIZIONE DELLE ATTIVITA\u2019 SVOLTE: Il presente obiettivo realizzativo \u00e8 stato strutturato su 5 attivit\u00e0: A 5.1 &#8211; Adeguamento della piattaforma per una installazione pilota A 5.2 &#8211; Installazione su dimostratore A 5.3 &#8211; Validazione degli scenari stabiliti A 5.4 &#8211; Validazione con utente finale A 5.5 &#8211; Promozione, comunicazione e diffusione dei risultati \u00a0 A [&#8230;] <a class=\"read-more\" href=\"https:\/\/www.met-aal.it\/?page_id=135\">Read More <i class=\"icon-double-angle-right\"><\/i><\/a><\/p>\n","protected":false},"author":1,"featured_media":0,"parent":0,"menu_order":0,"comment_status":"closed","ping_status":"closed","template":"","meta":[],"_links":{"self":[{"href":"https:\/\/www.met-aal.it\/index.php?rest_route=\/wp\/v2\/pages\/135"}],"collection":[{"href":"https:\/\/www.met-aal.it\/index.php?rest_route=\/wp\/v2\/pages"}],"about":[{"href":"https:\/\/www.met-aal.it\/index.php?rest_route=\/wp\/v2\/types\/page"}],"author":[{"embeddable":true,"href":"https:\/\/www.met-aal.it\/index.php?rest_route=\/wp\/v2\/users\/1"}],"replies":[{"embeddable":true,"href":"https:\/\/www.met-aal.it\/index.php?rest_route=%2Fwp%2Fv2%2Fcomments&post=135"}],"version-history":[{"count":5,"href":"https:\/\/www.met-aal.it\/index.php?rest_route=\/wp\/v2\/pages\/135\/revisions"}],"predecessor-version":[{"id":167,"href":"https:\/\/www.met-aal.it\/index.php?rest_route=\/wp\/v2\/pages\/135\/revisions\/167"}],"wp:attachment":[{"href":"https:\/\/www.met-aal.it\/index.php?rest_route=%2Fwp%2Fv2%2Fmedia&parent=135"}],"curies":[{"name":"wp","href":"https:\/\/api.w.org\/{rel}","templated":true}]}}